{"id":6,"date":"2020-02-17T20:15:36","date_gmt":"2020-02-17T19:15:36","guid":{"rendered":"http:\/\/newshop.sklepdrapieznik.pl\/blog\/?page_id=6"},"modified":"2025-12-12T14:37:47","modified_gmt":"2025-12-12T13:37:47","slug":"strona-glowna","status":"publish","type":"page","link":"https:\/\/sklepfoden.pl\/blog\/","title":{"rendered":"Strona g\u0142\u00f3wna"},"content":{"rendered":"","protected":false},"excerpt":{"rendered":"","protected":false},"author":1,"featured_media":0,"parent":0,"menu_order":0,"comment_status":"closed","ping_status":"closed","template":"page-templates\/page_front-page.php","meta":{"inline_featured_image":false,"footnotes":""},"class_list":["post-6","page","type-page","status-publish","hentry"],"yoast_head":"<!-- This site is optimized with the Yoast SEO plugin v21.8 - https:\/\/yoast.com\/wordpress\/plugins\/seo\/ -->\n<title>Blog w\u0119dkarski | Sklep Foden<\/title>\n<meta name=\"description\" content=\"Blog w\u0119dkarski dla pasjonat\u00f3w \u2013 porady ekspert\u00f3w, testy sprz\u0119tu i praktyczne wskaz\u00f3wki, kt\u00f3re pomog\u0105 Ci z\u0142owi\u0107 wymarzon\u0105 ryb\u0119.\" \/>\n<meta name=\"robots\" content=\"index, follow, max-snippet:-1, max-image-preview:large, max-video-preview:-1\" \/>\n<link rel=\"canonical\" href=\"https:\/\/sklepfoden.pl\/blog\/\" \/>\n<meta property=\"og:locale\" content=\"pl_PL\" \/>\n<meta property=\"og:type\" content=\"article\" \/>\n<meta property=\"og:title\" content=\"Blog w\u0119dkarski | Sklep Foden\" \/>\n<meta property=\"og:description\" content=\"Blog w\u0119dkarski dla pasjonat\u00f3w \u2013 porady ekspert\u00f3w, testy sprz\u0119tu i praktyczne wskaz\u00f3wki, kt\u00f3re pomog\u0105 Ci z\u0142owi\u0107 wymarzon\u0105 ryb\u0119.\" \/>\n<meta property=\"og:url\" content=\"https:\/\/sklepfoden.pl\/blog\/\" \/>\n<meta property=\"og:site_name\" content=\"Foden\" \/>\n<meta property=\"article:publisher\" content=\"https:\/\/www.facebook.com\/\" \/>\n<meta property=\"article:modified_time\" content=\"2025-12-12T13:37:47+00:00\" \/>\n<meta name=\"twitter:card\" content=\"summary_large_image\" \/>\n<script type=\"application\/ld+json\" class=\"yoast-schema-graph\">{\"@context\":\"https:\/\/schema.org\",\"@graph\":[{\"@type\":\"WebPage\",\"@id\":\"https:\/\/sklepfoden.pl\/blog\/\",\"url\":\"https:\/\/sklepfoden.pl\/blog\/\",\"name\":\"Blog w\u0119dkarski | Sklep Foden\",\"isPartOf\":{\"@id\":\"https:\/\/sklepfoden.pl\/blog\/#website\"},\"datePublished\":\"2020-02-17T19:15:36+00:00\",\"dateModified\":\"2025-12-12T13:37:47+00:00\",\"description\":\"Blog w\u0119dkarski dla pasjonat\u00f3w \u2013 porady ekspert\u00f3w, testy sprz\u0119tu i praktyczne wskaz\u00f3wki, kt\u00f3re pomog\u0105 Ci z\u0142owi\u0107 wymarzon\u0105 ryb\u0119.\",\"breadcrumb\":{\"@id\":\"https:\/\/sklepfoden.pl\/blog\/#breadcrumb\"},\"inLanguage\":\"pl-PL\",\"potentialAction\":[{\"@type\":\"ReadAction\",\"target\":[\"https:\/\/sklepfoden.pl\/blog\/\"]}]},{\"@type\":\"BreadcrumbList\",\"@id\":\"https:\/\/sklepfoden.pl\/blog\/#breadcrumb\",\"itemListElement\":[{\"@type\":\"ListItem\",\"position\":1,\"name\":\"Strona g\u0142\u00f3wna\",\"item\":\"https:\/\/sklepfoden.pl\/blog\/\"},{\"@type\":\"ListItem\",\"position\":2,\"name\":\"Strona g\u0142\u00f3wna\"}]},{\"@type\":\"WebSite\",\"@id\":\"https:\/\/sklepfoden.pl\/blog\/#website\",\"url\":\"https:\/\/sklepfoden.pl\/blog\/\",\"name\":\"Foden\",\"description\":\"Blog\",\"publisher\":{\"@id\":\"https:\/\/sklepfoden.pl\/blog\/#organization\"},\"potentialAction\":[{\"@type\":\"SearchAction\",\"target\":{\"@type\":\"EntryPoint\",\"urlTemplate\":\"https:\/\/sklepfoden.pl\/blog\/?s={search_term_string}\"},\"query-input\":\"required name=search_term_string\"}],\"inLanguage\":\"pl-PL\"},{\"@type\":\"Organization\",\"@id\":\"https:\/\/sklepfoden.pl\/blog\/#organization\",\"name\":\"Blog Sunchillout.pl\",\"url\":\"https:\/\/sklepfoden.pl\/blog\/\",\"logo\":{\"@type\":\"ImageObject\",\"inLanguage\":\"pl-PL\",\"@id\":\"https:\/\/sklepfoden.pl\/blog\/#\/schema\/logo\/image\/\",\"url\":\"\",\"contentUrl\":\"\",\"caption\":\"Blog Sunchillout.pl\"},\"image\":{\"@id\":\"https:\/\/sklepfoden.pl\/blog\/#\/schema\/logo\/image\/\"},\"sameAs\":[\"https:\/\/www.facebook.com\/\"]}]}<\/script>\n<!-- \/ Yoast SEO plugin. -->","yoast_head_json":{"title":"Blog w\u0119dkarski | Sklep Foden","description":"Blog w\u0119dkarski dla pasjonat\u00f3w \u2013 porady ekspert\u00f3w, testy sprz\u0119tu i praktyczne wskaz\u00f3wki, kt\u00f3re pomog\u0105 Ci z\u0142owi\u0107 wymarzon\u0105 ryb\u0119.","robots":{"index":"index","follow":"follow","max-snippet":"max-snippet:-1","max-image-preview":"max-image-preview:large","max-video-preview":"max-video-preview:-1"},"canonical":"https:\/\/sklepfoden.pl\/blog\/","og_locale":"pl_PL","og_type":"article","og_title":"Blog w\u0119dkarski | Sklep Foden","og_description":"Blog w\u0119dkarski dla pasjonat\u00f3w \u2013 porady ekspert\u00f3w, testy sprz\u0119tu i praktyczne wskaz\u00f3wki, kt\u00f3re pomog\u0105 Ci z\u0142owi\u0107 wymarzon\u0105 ryb\u0119.","og_url":"https:\/\/sklepfoden.pl\/blog\/","og_site_name":"Foden","article_publisher":"https:\/\/www.facebook.com\/","article_modified_time":"2025-12-12T13:37:47+00:00","twitter_card":"summary_large_image","schema":{"@context":"https:\/\/schema.org","@graph":[{"@type":"WebPage","@id":"https:\/\/sklepfoden.pl\/blog\/","url":"https:\/\/sklepfoden.pl\/blog\/","name":"Blog w\u0119dkarski | Sklep Foden","isPartOf":{"@id":"https:\/\/sklepfoden.pl\/blog\/#website"},"datePublished":"2020-02-17T19:15:36+00:00","dateModified":"2025-12-12T13:37:47+00:00","description":"Blog w\u0119dkarski dla pasjonat\u00f3w \u2013 porady ekspert\u00f3w, testy sprz\u0119tu i praktyczne wskaz\u00f3wki, kt\u00f3re pomog\u0105 Ci z\u0142owi\u0107 wymarzon\u0105 ryb\u0119.","breadcrumb":{"@id":"https:\/\/sklepfoden.pl\/blog\/#breadcrumb"},"inLanguage":"pl-PL","potentialAction":[{"@type":"ReadAction","target":["https:\/\/sklepfoden.pl\/blog\/"]}]},{"@type":"BreadcrumbList","@id":"https:\/\/sklepfoden.pl\/blog\/#breadcrumb","itemListElement":[{"@type":"ListItem","position":1,"name":"Strona g\u0142\u00f3wna","item":"https:\/\/sklepfoden.pl\/blog\/"},{"@type":"ListItem","position":2,"name":"Strona g\u0142\u00f3wna"}]},{"@type":"WebSite","@id":"https:\/\/sklepfoden.pl\/blog\/#website","url":"https:\/\/sklepfoden.pl\/blog\/","name":"Foden","description":"Blog","publisher":{"@id":"https:\/\/sklepfoden.pl\/blog\/#organization"},"potentialAction":[{"@type":"SearchAction","target":{"@type":"EntryPoint","urlTemplate":"https:\/\/sklepfoden.pl\/blog\/?s={search_term_string}"},"query-input":"required name=search_term_string"}],"inLanguage":"pl-PL"},{"@type":"Organization","@id":"https:\/\/sklepfoden.pl\/blog\/#organization","name":"Blog Sunchillout.pl","url":"https:\/\/sklepfoden.pl\/blog\/","logo":{"@type":"ImageObject","inLanguage":"pl-PL","@id":"https:\/\/sklepfoden.pl\/blog\/#\/schema\/logo\/image\/","url":"","contentUrl":"","caption":"Blog Sunchillout.pl"},"image":{"@id":"https:\/\/sklepfoden.pl\/blog\/#\/schema\/logo\/image\/"},"sameAs":["https:\/\/www.facebook.com\/"]}]}},"_links":{"self":[{"href":"https:\/\/sklepfoden.pl\/blog\/wp-json\/wp\/v2\/pages\/6"}],"collection":[{"href":"https:\/\/sklepfoden.pl\/blog\/wp-json\/wp\/v2\/pages"}],"about":[{"href":"https:\/\/sklepfoden.pl\/blog\/wp-json\/wp\/v2\/types\/page"}],"author":[{"embeddable":true,"href":"https:\/\/sklepfoden.pl\/blog\/wp-json\/wp\/v2\/users\/1"}],"replies":[{"embeddable":true,"href":"https:\/\/sklepfoden.pl\/blog\/wp-json\/wp\/v2\/comments?post=6"}],"version-history":[{"count":51,"href":"https:\/\/sklepfoden.pl\/blog\/wp-json\/wp\/v2\/pages\/6\/revisions"}],"predecessor-version":[{"id":1946,"href":"https:\/\/sklepfoden.pl\/blog\/wp-json\/wp\/v2\/pages\/6\/revisions\/1946"}],"wp:attachment":[{"href":"https:\/\/sklepfoden.pl\/blog\/wp-json\/wp\/v2\/media?parent=6"}],"curies":[{"name":"wp","href":"https:\/\/api.w.org\/{rel}","templated":true}]}}